{"id":19,"date":"2013-03-15T05:30:32","date_gmt":"2013-03-15T04:30:32","guid":{"rendered":"http:\/\/06s01.schulemachtspass.de\/?page_id=19"},"modified":"2025-09-13T05:19:50","modified_gmt":"2025-09-13T04:19:50","slug":"forderzentrum","status":"publish","type":"page","link":"https:\/\/pestalozzi-schule-berlin.de\/?page_id=19","title":{"rendered":"F\u00f6rderzentrum &#8222;Lernen&#8220;"},"content":{"rendered":"\n<p><\/p>\n<p>Sch\u00fcler*innen mit sonderp\u00e4dagogischem F\u00f6rderbedarf im Schwerpunkt Lernen k\u00f6nnen im Anschluss an die Schulanfangsphase in die dritte Klasse des F\u00f6rderzentrums Pestalozzi-Schule aufgenommen werden.<\/p>\n<p> <\/p>\n<p>Sie erhalten eine besonders intensive, sonderp\u00e4dagogische Betreuung in kleinen Lerngruppen.<\/p>\n<p> <\/p>\n<p>Dabei stehen die individuellen Voraussetzungen und M\u00f6glichkeiten der einzelnen Sch\u00fcler*innen im Mittelpunkt der p\u00e4dagogischen Arbeit.<\/p>\n<p> <\/p>\n<p>Ausgehend von pers\u00f6nlichen St\u00e4rken und Schw\u00e4chen wird ein individuelles F\u00f6rderkonzept f\u00fcr jeden Sch\u00fcler erstellt, welches im Klassenverband umgesetzt wird.<\/p>\n<p> <\/p>\n<p>Rhythmisierung und \u00d6ffnung des Unterrichts bilden die Basis f\u00fcr differenzierende Arbeitsstrukturen. Ein enger personaler Bezug zwischen Lernenden, Lehrenden und Eltern\/Erziehern sind wesentliche Voraussetzungen einer vertrauensvollen Zusammenarbeit.<\/p>\n<p> <\/p>\n<p>Eine enge Vernetzung mit den Erzieher*innen aus dem Hortbereich und den Mitarbeiter*innen der Schulstation\/Schulsozialarbeit wird angestrebt, um besonders in Erziehungsfragen \u00fcber den Unterricht hinaus zu kooperieren.<\/p>\n<p> <\/p>\n<p>Innerhalb des F\u00f6rderschwerpunkts &#8222;Lernen&#8220; gliedert sich der Schulbetrieb in die Unterstufe und in die Sekundarstufe I:<\/p>\n<p> <\/p>\n<p><a href=\"https:\/\/pestalozzi-schule-berlin.de\/?page_id=26\" data-type=\"page\" data-id=\"26\">Klassen 3 bis 6 (Unterstufe)<\/a><\/p>\n<p> <\/p>\n<p><a href=\"https:\/\/pestalozzi-schule-berlin.de\/?page_id=28\" data-type=\"page\" data-id=\"28\">Klassen 7-10 (Sekundarstufe I)<\/a><\/p>\n<p><\/p>\n","protected":false},"excerpt":{"rendered":"","protected":false},"author":6,"featured_media":0,"parent":0,"menu_order":4,"comment_status":"closed","ping_status":"closed","template":"","meta":{"ngg_post_thumbnail":0,"footnotes":"","_links_to":"","_links_to_target":""},"class_list":["post-19","page","type-page","status-publish","hentry"],"_links":{"self":[{"href":"https:\/\/pestalozzi-schule-berlin.de\/index.php?rest_route=\/wp\/v2\/pages\/19","targetHints":{"allow":["GET"]}}],"collection":[{"href":"https:\/\/pestalozzi-schule-berlin.de\/index.php?rest_route=\/wp\/v2\/pages"}],"about":[{"href":"https:\/\/pestalozzi-schule-berlin.de\/index.php?rest_route=\/wp\/v2\/types\/page"}],"author":[{"embeddable":true,"href":"https:\/\/pestalozzi-schule-berlin.de\/index.php?rest_route=\/wp\/v2\/users\/6"}],"replies":[{"embeddable":true,"href":"https:\/\/pestalozzi-schule-berlin.de\/index.php?rest_route=%2Fwp%2Fv2%2Fcomments&post=19"}],"version-history":[{"count":2,"href":"https:\/\/pestalozzi-schule-berlin.de\/index.php?rest_route=\/wp\/v2\/pages\/19\/revisions"}],"predecessor-version":[{"id":4293,"href":"https:\/\/pestalozzi-schule-berlin.de\/index.php?rest_route=\/wp\/v2\/pages\/19\/revisions\/4293"}],"wp:attachment":[{"href":"https:\/\/pestalozzi-schule-berlin.de\/index.php?rest_route=%2Fwp%2Fv2%2Fmedia&parent=19"}],"curies":[{"name":"wp","href":"https:\/\/api.w.org\/{rel}","templated":true}]}}