{"id":2272,"date":"2016-12-09T19:11:11","date_gmt":"2016-12-09T18:11:11","guid":{"rendered":"http:\/\/pestalozzi-schule-berlin.de\/?page_id=2272"},"modified":"2025-09-13T06:10:08","modified_gmt":"2025-09-13T05:10:08","slug":"neue-startseite","status":"publish","type":"page","link":"https:\/\/pestalozzi-schule-berlin.de\/","title":{"rendered":""},"content":{"rendered":"\n<h1 class=\"wp-block-heading\"><\/h1>\n\n\n\n<h1 style=\"text-align: center;\"><span style=\"color: #0000ff;\"><strong>&nbsp;<\/strong><\/span>Herzlich willkommen in der Pestalozzi-Schule!<\/h1>\n\n\n\n<p>Die Pestalozzi-Schule vereinigt unter ihrem Dach die inklusive Grundschule sowie das Sonderp\u00e4dagogische F\u00f6rderzentrum f\u00fcr die F\u00f6rderschwerpunkte \u201eLernen\u201c und \u201eGeistige Entwicklung\u201c des Bezirks Steglitz-Zehlendorf.&nbsp;<br>Dar\u00fcber hinaus bietet die Pestalozzi-Schule in Kooperation mit einem externen Tr\u00e4ger zwei Au\u00dfenklassen f\u00fcr den F\u00f6rderschwerpunkt \u201eEmotionale und soziale Entwicklung\u201c an.<\/p>\n<p>Ganz nach der Maxime unseres Namenspatrons Johann Heinrich Pestalozzi \u201eLernen mit Kopf, Herz und Hand\u201c gestalten wir f\u00fcr unsere Sch\u00fclerinnen und Sch\u00fcler einen ganzheitlichen, lebensoffenen Unterricht und wenden dabei vielf\u00e4ltige sowie handlungsorientierte Unterrichtsformen an.<\/p>\n\n\n\n<h4 class=\"wp-block-heading\"><img loading=\"lazy\" decoding=\"async\" class=\"alignnone size-large wp-image-2274\" src=\"https:\/\/pestalozzi-schule-berlin.de\/uploads\/2016\/12\/Pestalozzi-Schule_Eingang-Titelbild-1920x900-cleared-1024x480.png\" alt=\"Die Pestalozzi-Schule. Blick auf den neugestalteten Eingangsbereich von der Stra\u00dfe aus betrachtet.\" width=\"1024\" height=\"480\" srcset=\"https:\/\/pestalozzi-schule-berlin.de\/uploads\/2016\/12\/Pestalozzi-Schule_Eingang-Titelbild-1920x900-cleared-1024x480.png 1024w, https:\/\/pestalozzi-schule-berlin.de\/uploads\/2016\/12\/Pestalozzi-Schule_Eingang-Titelbild-1920x900-cleared-300x141.png 300w, https:\/\/pestalozzi-schule-berlin.de\/uploads\/2016\/12\/Pestalozzi-Schule_Eingang-Titelbild-1920x900-cleared-768x360.png 768w, https:\/\/pestalozzi-schule-berlin.de\/uploads\/2016\/12\/Pestalozzi-Schule_Eingang-Titelbild-1920x900-cleared.png 1920w\" sizes=\"auto, (max-width: 1024px) 100vw, 1024px\" \/><\/h4>\n\n\n\n<div class=\"wp-block-query is-layout-flow wp-block-query-is-layout-flow\">\n<div class=\"wp-block-group\"><div class=\"wp-block-group__inner-container is-layout-constrained wp-block-group-is-layout-constrained\"><\/div><\/div>\n<\/div>\n\n\n","protected":false},"excerpt":{"rendered":"<p>&nbsp;Herzlich willkommen in der Pestalozzi-Schule! Die Pestalozzi-Schule vereinigt unter ihrem Dach die inklusive Grundschule sowie das Sonderp\u00e4dagogische F\u00f6rderzentrum f\u00fcr die F\u00f6rderschwerpunkte \u201eLernen\u201c und \u201eGeistige Entwicklung\u201c des Bezirks Steglitz-Zehlendorf.&nbsp;Dar\u00fcber hinaus bietet die Pestalozzi-Schule in Kooperation mit einem externen Tr\u00e4ger zwei Au\u00dfenklassen f\u00fcr den F\u00f6rderschwerpunkt \u201eEmotionale und soziale Entwicklung\u201c an. Ganz nach der Maxime unseres Namenspatrons Johann [&hellip;]<\/p>\n","protected":false},"author":6,"featured_media":0,"parent":0,"menu_order":1,"comment_status":"closed","ping_status":"closed","template":"","meta":{"ngg_post_thumbnail":0,"footnotes":"","_links_to":"","_links_to_target":""},"class_list":["post-2272","page","type-page","status-publish","hentry"],"_links":{"self":[{"href":"https:\/\/pestalozzi-schule-berlin.de\/index.php?rest_route=\/wp\/v2\/pages\/2272","targetHints":{"allow":["GET"]}}],"collection":[{"href":"https:\/\/pestalozzi-schule-berlin.de\/index.php?rest_route=\/wp\/v2\/pages"}],"about":[{"href":"https:\/\/pestalozzi-schule-berlin.de\/index.php?rest_route=\/wp\/v2\/types\/page"}],"author":[{"embeddable":true,"href":"https:\/\/pestalozzi-schule-berlin.de\/index.php?rest_route=\/wp\/v2\/users\/6"}],"replies":[{"embeddable":true,"href":"https:\/\/pestalozzi-schule-berlin.de\/index.php?rest_route=%2Fwp%2Fv2%2Fcomments&post=2272"}],"version-history":[{"count":76,"href":"https:\/\/pestalozzi-schule-berlin.de\/index.php?rest_route=\/wp\/v2\/pages\/2272\/revisions"}],"predecessor-version":[{"id":4308,"href":"https:\/\/pestalozzi-schule-berlin.de\/index.php?rest_route=\/wp\/v2\/pages\/2272\/revisions\/4308"}],"wp:attachment":[{"href":"https:\/\/pestalozzi-schule-berlin.de\/index.php?rest_route=%2Fwp%2Fv2%2Fmedia&parent=2272"}],"curies":[{"name":"wp","href":"https:\/\/api.w.org\/{rel}","templated":true}]}}