{"id":230,"date":"2013-06-05T14:47:47","date_gmt":"2013-06-05T13:47:47","guid":{"rendered":"http:\/\/06s01.schulemachtspass.de\/?page_id=230"},"modified":"2020-11-01T18:41:30","modified_gmt":"2020-11-01T17:41:30","slug":"fahrradwerkstatt","status":"publish","type":"page","link":"https:\/\/pestalozzi-schule-berlin.de\/?page_id=230","title":{"rendered":"Sch\u00fclerfirma Pestalozzi-Fahrradwerkstatt"},"content":{"rendered":"<p><a href=\"https:\/\/pestalozzi-schule-berlin.de\/uploads\/2013\/06\/Pestalozzi-Fahrradwerkstatt_Logo.png\"><img loading=\"lazy\" decoding=\"async\" class=\"alignnone size-medium wp-image-534\" src=\"https:\/\/pestalozzi-schule-berlin.de\/uploads\/2013\/06\/Pestalozzi-Fahrradwerkstatt_Logo-300x206.png\" alt=\"Pestalozzi-Fahrradwerkstatt_Logo\" width=\"148\" height=\"102\" srcset=\"https:\/\/pestalozzi-schule-berlin.de\/uploads\/2013\/06\/Pestalozzi-Fahrradwerkstatt_Logo-300x206.png 300w, https:\/\/pestalozzi-schule-berlin.de\/uploads\/2013\/06\/Pestalozzi-Fahrradwerkstatt_Logo.png 575w\" sizes=\"auto, (max-width: 148px) 100vw, 148px\" \/><\/a><\/p>\n<h2>Arbeiten in der Fahrradwerkstatt:<\/h2>\n<ul>\n<li>Hauptziel der Fahrradwerkstatt ist es, den Sch\u00fclern einen m\u00f6glichst umfassenden Einblick in die Arbeit einer Werkstatt zu erm\u00f6glichen.<\/li>\n<li>Neben den handwerklichen Grundfertigkeiten lernen die Sch\u00fcler Auftr\u00e4ge entgegenzunehmen, Rechnungen zu schreiben, eine Kasse zu f\u00fchren und Ersatzteile einzukaufen.<\/li>\n<\/ul>\n<h2>Themenbereiche:<\/h2>\n<h3>Schwerpunkt Wissensvermittlung<\/h3>\n<ul>\n<li>Einf\u00fchrung in die Werkzeugkunde (Erwerb von Fachkompetenz).<\/li>\n<li>Erlernen einfacher Reparaturarbeiten (Erwerb von Fachkompetenz).<\/li>\n<li>Wartung und Pflege eines Fahrrades, der schuleigenen Fahrr\u00e4der (\u00dcbernahme von Verantwortung: Bei Ausleihe der R\u00e4der m\u00fcssen diese verkehrssicher einsetzbar sein).<\/li>\n<\/ul>\n<h3>Schwerpunkt Arbeitsorganisation<\/h3>\n<ul>\n<li>Einholen von Auftr\u00e4gen f\u00fcr Reparaturarbeiten durch Anfragen in den Klassen und Werbung auf dem Schulgel\u00e4nde (Anbahnung selbstt\u00e4tigen Arbeitens).<\/li>\n<li>Abrechnung der Reparaturarbeiten (Verantwortlichkeit f\u00fcr sachliche Richtigkeit).<\/li>\n<li>Aufstellung von Kostenvoranschl\u00e4gen (Verantwortlichkeit f\u00fcr sachliche Richtigkeit).<\/li>\n<li>Einkauf von Ersatzteilen (Anbahnung selbstt\u00e4tigen Arbeitens, Verantwortlichkeit f\u00fcr sachliche Richtigkeit).<\/li>\n<\/ul>\n<h3>Schwerpunkt Praktische Arbeit<\/h3>\n<ul>\n<li>Demontage von nicht-reparablen Altr\u00e4dern, um einen Ersatzteilbestand zu schaffen.<\/li>\n<li>Durchf\u00fchrung der in Auftrag gegebenen Reparaturarbeiten (Sorgfalt der Arbeitsqualit\u00e4t, Anbahnung selbstt\u00e4tigen Arbeitens, Verantwortlichkeit f\u00fcr sachliche Richtigkeit).<\/li>\n<li>F\u00fchrung eines Kassenbuches (Sorgfalt der Arbeitsqualit\u00e4t, Anbahnung selbstt\u00e4tigen Arbeitens, Verantwortlichkeit f\u00fcr sachliche Richtigkeit).<\/li>\n<\/ul>\n<p><strong><br \/>\n\u00d6ffnungszeiten:<br \/>\nmittwochs + donnerstags von 08.15-11.40 Uhr (1. &#8211; 4. Schulstd.).<br \/>\n<\/strong><\/p>\n","protected":false},"excerpt":{"rendered":"<p>Arbeiten in der Fahrradwerkstatt: Hauptziel der Fahrradwerkstatt ist es, den Sch\u00fclern einen m\u00f6glichst umfassenden Einblick in die Arbeit einer Werkstatt zu erm\u00f6glichen. Neben den handwerklichen Grundfertigkeiten lernen die Sch\u00fcler Auftr\u00e4ge entgegenzunehmen, Rechnungen zu schreiben, eine Kasse zu f\u00fchren und Ersatzteile einzukaufen. Themenbereiche: Schwerpunkt Wissensvermittlung Einf\u00fchrung in die Werkzeugkunde (Erwerb von Fachkompetenz). Erlernen einfacher Reparaturarbeiten (Erwerb [&hellip;]<\/p>\n","protected":false},"author":3,"featured_media":0,"parent":223,"menu_order":4,"comment_status":"closed","ping_status":"closed","template":"","meta":{"ngg_post_thumbnail":0,"footnotes":"","_links_to":"","_links_to_target":""},"class_list":["post-230","page","type-page","status-publish","hentry"],"_links":{"self":[{"href":"https:\/\/pestalozzi-schule-berlin.de\/index.php?rest_route=\/wp\/v2\/pages\/230","targetHints":{"allow":["GET"]}}],"collection":[{"href":"https:\/\/pestalozzi-schule-berlin.de\/index.php?rest_route=\/wp\/v2\/pages"}],"about":[{"href":"https:\/\/pestalozzi-schule-berlin.de\/index.php?rest_route=\/wp\/v2\/types\/page"}],"author":[{"embeddable":true,"href":"https:\/\/pestalozzi-schule-berlin.de\/index.php?rest_route=\/wp\/v2\/users\/3"}],"replies":[{"embeddable":true,"href":"https:\/\/pestalozzi-schule-berlin.de\/index.php?rest_route=%2Fwp%2Fv2%2Fcomments&post=230"}],"version-history":[{"count":12,"href":"https:\/\/pestalozzi-schule-berlin.de\/index.php?rest_route=\/wp\/v2\/pages\/230\/revisions"}],"predecessor-version":[{"id":3608,"href":"https:\/\/pestalozzi-schule-berlin.de\/index.php?rest_route=\/wp\/v2\/pages\/230\/revisions\/3608"}],"up":[{"embeddable":true,"href":"https:\/\/pestalozzi-schule-berlin.de\/index.php?rest_route=\/wp\/v2\/pages\/223"}],"wp:attachment":[{"href":"https:\/\/pestalozzi-schule-berlin.de\/index.php?rest_route=%2Fwp%2Fv2%2Fmedia&parent=230"}],"curies":[{"name":"wp","href":"https:\/\/api.w.org\/{rel}","templated":true}]}}