{"id":2470,"date":"2017-03-03T20:29:07","date_gmt":"2017-03-03T19:29:07","guid":{"rendered":"http:\/\/pestalozzi-schule-berlin.de\/?page_id=2470"},"modified":"2019-03-20T20:34:00","modified_gmt":"2019-03-20T19:34:00","slug":"patenschaften","status":"publish","type":"page","link":"https:\/\/pestalozzi-schule-berlin.de\/?page_id=2470","title":{"rendered":"Patenschaften"},"content":{"rendered":"<p><img loading=\"lazy\" decoding=\"async\" class=\"alignnone wp-image-3062\" src=\"https:\/\/pestalozzi-schule-berlin.de\/uploads\/2017\/03\/IMG_0734-225x300.jpg\" alt=\"\" width=\"223\" height=\"298\" srcset=\"https:\/\/pestalozzi-schule-berlin.de\/uploads\/2017\/03\/IMG_0734-225x300.jpg 225w, https:\/\/pestalozzi-schule-berlin.de\/uploads\/2017\/03\/IMG_0734-768x1024.jpg 768w\" sizes=\"auto, (max-width: 223px) 100vw, 223px\" \/> &nbsp;&nbsp; &nbsp; <img loading=\"lazy\" decoding=\"async\" class=\"alignnone wp-image-3064\" src=\"https:\/\/pestalozzi-schule-berlin.de\/uploads\/2017\/03\/IMG_0712-225x300.jpg\" alt=\"\" width=\"221\" height=\"294\" srcset=\"https:\/\/pestalozzi-schule-berlin.de\/uploads\/2017\/03\/IMG_0712-225x300.jpg 225w, https:\/\/pestalozzi-schule-berlin.de\/uploads\/2017\/03\/IMG_0712-768x1024.jpg 768w\" sizes=\"auto, (max-width: 221px) 100vw, 221px\" \/> &nbsp; &nbsp;&nbsp; <img loading=\"lazy\" decoding=\"async\" class=\"alignnone wp-image-3061\" src=\"https:\/\/pestalozzi-schule-berlin.de\/uploads\/2017\/03\/IMG_0733-195x300.jpg\" alt=\"\" width=\"191\" height=\"294\" srcset=\"https:\/\/pestalozzi-schule-berlin.de\/uploads\/2017\/03\/IMG_0733-195x300.jpg 195w, https:\/\/pestalozzi-schule-berlin.de\/uploads\/2017\/03\/IMG_0733-768x1180.jpg 768w, https:\/\/pestalozzi-schule-berlin.de\/uploads\/2017\/03\/IMG_0733-667x1024.jpg 667w\" sizes=\"auto, (max-width: 191px) 100vw, 191px\" \/><\/p>\n<p>Selbst- und fremdverantwortliches Handeln muss gelernt werden. <strong>Kinder- und Jugendliche ben\u00f6tigen hierf\u00fcr Anreize, positive Modelle, Gelegenheiten und Anleitung.<\/strong> Im Rahmen des Patenschaftsprojektes \u00fcbernehmen Sch\u00fcler*innen mit und ohne eigene Verhaltensschwierigkeiten Verantwortung f\u00fcr Mitsch\u00fcler*innen.<\/p>\n<p>Dies ist kein einfaches Unterfangen.<\/p>\n<p><img loading=\"lazy\" decoding=\"async\" class=\"alignnone size-medium wp-image-3066\" src=\"https:\/\/pestalozzi-schule-berlin.de\/uploads\/2017\/03\/IMG_0731-225x300.jpg\" alt=\"\" width=\"225\" height=\"300\" srcset=\"https:\/\/pestalozzi-schule-berlin.de\/uploads\/2017\/03\/IMG_0731-225x300.jpg 225w, https:\/\/pestalozzi-schule-berlin.de\/uploads\/2017\/03\/IMG_0731-768x1024.jpg 768w\" sizes=\"auto, (max-width: 225px) 100vw, 225px\" \/>&nbsp; <img loading=\"lazy\" decoding=\"async\" class=\"alignnone size-medium wp-image-3065\" src=\"https:\/\/pestalozzi-schule-berlin.de\/uploads\/2017\/03\/IMG_0715-225x300.jpg\" alt=\"\" width=\"225\" height=\"300\" srcset=\"https:\/\/pestalozzi-schule-berlin.de\/uploads\/2017\/03\/IMG_0715-225x300.jpg 225w, https:\/\/pestalozzi-schule-berlin.de\/uploads\/2017\/03\/IMG_0715-768x1024.jpg 768w\" sizes=\"auto, (max-width: 225px) 100vw, 225px\" \/>&nbsp; <img loading=\"lazy\" decoding=\"async\" class=\"alignnone size-medium wp-image-3067\" src=\"https:\/\/pestalozzi-schule-berlin.de\/uploads\/2017\/03\/IMG_0730-225x300.jpg\" alt=\"\" width=\"225\" height=\"300\" srcset=\"https:\/\/pestalozzi-schule-berlin.de\/uploads\/2017\/03\/IMG_0730-225x300.jpg 225w, https:\/\/pestalozzi-schule-berlin.de\/uploads\/2017\/03\/IMG_0730-768x1024.jpg 768w\" sizes=\"auto, (max-width: 225px) 100vw, 225px\" \/><\/p>\n<p>Die Teilnehmenden lassen sich verbindlich auf eine l\u00e4ngerfristige Aufgabe ein, um sich in enger Kooperation mit den Fachkr\u00e4ften bewusst um die Bed\u00fcrfnisse Anderer zu k\u00fcmmern. Oftmals m\u00fcssen die &#8222;ehrenamtlichen Mitarbeiter*innen der Schulstation&#8220; eigene Anliegen vorr\u00fcbergehend zur\u00fcck stellen. Und vielfach ist der Beziehunsaufbau zum Patenkind \u00e4u\u00dferst kompliziert.<\/p>\n<p>Aber von der erfolgreichen Bet\u00e4tigung profitieren alle Beteiligten gleicherma\u00dfen. <strong>Gelungenes Miteinander schafft Zufriedenheit und Selbstvertrauen &#8211; bei Pat*innen und Patenkindern.<\/strong> Gleichzeitig erfahren die Teilnehmer*innen ein hohes Ma\u00df an Zuwendung und Wertsch\u00e4tzung &#8211; auch \u00fcber die \u00f6ffentliche Pr\u00e4sentation: Urkunde, Pinnwand, Website, Belobigung vor der Jahrgangsgruppe, Berichte auf Veranstaltungen. <strong>Dies st\u00e4rkt ihre Bereitschaft, sich positiv am Schulleben zu beteiligen und sich konstruktiv auch f\u00fcr die eigenen Ziele einzusetzen.<\/strong><\/p>\n<p>&nbsp; <img loading=\"lazy\" decoding=\"async\" class=\"alignnone size-medium wp-image-3060\" src=\"https:\/\/pestalozzi-schule-berlin.de\/uploads\/2017\/03\/IMG_0710-300x225.jpg\" alt=\"\" width=\"300\" height=\"225\" srcset=\"https:\/\/pestalozzi-schule-berlin.de\/uploads\/2017\/03\/IMG_0710-300x225.jpg 300w, https:\/\/pestalozzi-schule-berlin.de\/uploads\/2017\/03\/IMG_0710-768x576.jpg 768w, https:\/\/pestalozzi-schule-berlin.de\/uploads\/2017\/03\/IMG_0710-1024x768.jpg 1024w\" sizes=\"auto, (max-width: 300px) 100vw, 300px\" \/>&nbsp;<\/p>\n","protected":false},"excerpt":{"rendered":"<p>&nbsp;&nbsp; &nbsp; &nbsp; &nbsp;&nbsp; Selbst- und fremdverantwortliches Handeln muss gelernt werden. Kinder- und Jugendliche ben\u00f6tigen hierf\u00fcr Anreize, positive Modelle, Gelegenheiten und Anleitung. Im Rahmen des Patenschaftsprojektes \u00fcbernehmen Sch\u00fcler*innen mit und ohne eigene Verhaltensschwierigkeiten Verantwortung f\u00fcr Mitsch\u00fcler*innen. Dies ist kein einfaches Unterfangen. &nbsp; &nbsp; Die Teilnehmenden lassen sich verbindlich auf eine l\u00e4ngerfristige Aufgabe ein, um sich [&hellip;]<\/p>\n","protected":false},"author":3,"featured_media":0,"parent":439,"menu_order":3,"comment_status":"closed","ping_status":"closed","template":"","meta":{"ngg_post_thumbnail":0,"footnotes":"","_links_to":"","_links_to_target":""},"class_list":["post-2470","page","type-page","status-publish","hentry"],"_links":{"self":[{"href":"https:\/\/pestalozzi-schule-berlin.de\/index.php?rest_route=\/wp\/v2\/pages\/2470","targetHints":{"allow":["GET"]}}],"collection":[{"href":"https:\/\/pestalozzi-schule-berlin.de\/index.php?rest_route=\/wp\/v2\/pages"}],"about":[{"href":"https:\/\/pestalozzi-schule-berlin.de\/index.php?rest_route=\/wp\/v2\/types\/page"}],"author":[{"embeddable":true,"href":"https:\/\/pestalozzi-schule-berlin.de\/index.php?rest_route=\/wp\/v2\/users\/3"}],"replies":[{"embeddable":true,"href":"https:\/\/pestalozzi-schule-berlin.de\/index.php?rest_route=%2Fwp%2Fv2%2Fcomments&post=2470"}],"version-history":[{"count":7,"href":"https:\/\/pestalozzi-schule-berlin.de\/index.php?rest_route=\/wp\/v2\/pages\/2470\/revisions"}],"predecessor-version":[{"id":3464,"href":"https:\/\/pestalozzi-schule-berlin.de\/index.php?rest_route=\/wp\/v2\/pages\/2470\/revisions\/3464"}],"up":[{"embeddable":true,"href":"https:\/\/pestalozzi-schule-berlin.de\/index.php?rest_route=\/wp\/v2\/pages\/439"}],"wp:attachment":[{"href":"https:\/\/pestalozzi-schule-berlin.de\/index.php?rest_route=%2Fwp%2Fv2%2Fmedia&parent=2470"}],"curies":[{"name":"wp","href":"https:\/\/api.w.org\/{rel}","templated":true}]}}