{"id":256,"date":"2013-06-05T15:22:49","date_gmt":"2013-06-05T14:22:49","guid":{"rendered":"http:\/\/06s01.schulemachtspass.de\/?page_id=256"},"modified":"2017-04-19T19:23:40","modified_gmt":"2017-04-19T18:23:40","slug":"schulerfirma-bistro-happy-snack","status":"publish","type":"page","link":"https:\/\/pestalozzi-schule-berlin.de\/?page_id=256","title":{"rendered":"Sch\u00fclerfirma Bistro \u201eHappy Snack\u201c"},"content":{"rendered":"<h2>Allgemeines<\/h2>\n<p style=\"background-color: #eeeeee; padding: 1em;\">Das von Sch\u00fclern betriebene Bistro \u201eHappy Snack\u201c existiert seit August 2006 und widmet sich der Pausenversorgung aller am Schulleben Beteiligter. Die Sch\u00fcler der Klassen 9 und 10 arbeiten an jeweils 2 Tagen der Woche im Bistro und trainieren F\u00e4higkeiten und Fertigkeiten, die sie f\u00fcr das Berufsleben ben\u00f6tigen.<\/p>\n<p>Gefordert sind<\/p>\n<ul>\n<li>P\u00fcnktlichkeit<\/li>\n<li>Zuverl\u00e4ssigkeit<\/li>\n<li>Verantwortungsgef\u00fchl<\/li>\n<li>Freundlichkeit zum Kunden<\/li>\n<li>Einhalten der Hygieneregeln<\/li>\n<li>Teamf\u00e4higkeit usw.<\/li>\n<\/ul>\n<p>Au\u00dferdem \u00fcben die Sch\u00fcler<\/p>\n<ul>\n<li>den Umgang mit Geld und Wechselgeld<\/li>\n<li>einfache Formen der Buchf\u00fchrung<\/li>\n<li>die Zubereitung gesunder Speisen und Getr\u00e4nke<\/li>\n<li>Kenntnisse \u00fcber die richtige Lagerung und Verarbeitung von Lebensmitteln<\/li>\n<li>starke Nerven im stressigen Service-Alltag zu behalten.<\/li>\n<\/ul>\n<p>Alle Mitarbeiter erhalten einen \u201eArbeitsvertrag\u201c, in dem die grundlegenden Arbeitsbedingungen festgehalten werden. Zudem m\u00fcssen sie eine Hygiene- und eine Kassen-Schulung erfolgreich absolvieren. Nach einem halben Jahr schlie\u00dft die Arbeit im Bistro mit einem Zertifikat ab.<\/p>\n<p>Die Gesch\u00e4ftsf\u00fchrung liegt derzeit in den H\u00e4nden von Fr. Schurtz und Fr. Zutz.<\/p>\n<p>Das Bistro bem\u00fcht sich, ausschlie\u00dflich gesunde Produkte zu verkaufen. Die Produktion der Speisen erfolgt vom Backen der Br\u00f6tchen und der Zubereitung w\u00f6chentlich wechselnder Speisen bis zu deren Verkauf komplett in der Pestalozzi- Schule.<\/p>\n<h2>Unsere \u00d6ffnungszeiten<\/h2>\n<p style=\"background-color: #eeeeee; padding: 1em;\">Wir haben montags bis donnerstags von 9:45 \u2013 10:15 Uhr und an allen Schulfesten f\u00fcr Sie ge\u00f6ffnet.<\/p>\n<h2>Unser Angebot:<\/h2>\n<table class=\"zebra-table\">\n<thead class=\"zebra-thead\">\n<tr class=\"zebra-tr\">\n<th class=\"zebra-th\" scope=\"col\">Artikel<\/th>\n<th class=\"zebra-th\" scope=\"col\">Preis<\/th>\n<\/tr>\n<\/thead>\n<tbody class=\"zebra-tbody\">\n<tr class=\"zebra-tr\">\n<td class=\"zebra-td\" data-label=\"Artikel\">1 helles belegtes Br\u00f6tchen<\/td>\n<td class=\"zebra-td\" data-label=\"Preis\">0,50 \u20ac<\/td>\n<\/tr>\n<tr class=\"zebra-tr\">\n<td class=\"zebra-td\" data-label=\"Artikel\">1 dunkles belegtes Br\u00f6tchen<\/td>\n<td class=\"zebra-td\" data-label=\"Preis\">0,70 \u20ac<\/td>\n<\/tr>\n<tr class=\"zebra-tr\">\n<td class=\"zebra-td\" data-label=\"Artikel\">w\u00f6chentlich wechselnde Tagesangebote<\/td>\n<td class=\"zebra-td\" data-label=\"Preis\">0,20 \u20ac &#8211; 1,- \u20ac<\/td>\n<\/tr>\n<tr class=\"zebra-tr\">\n<td class=\"zebra-td\" data-label=\"Artikel\">Obst<\/td>\n<td class=\"zebra-td\" data-label=\"Preis\">0,15 \u20ac &#8211; 0,40 \u20ac<\/td>\n<\/tr>\n<tr class=\"zebra-tr\">\n<td class=\"zebra-td\" data-label=\"Artikel\">M\u00fcsli- Riegel<\/td>\n<td class=\"zebra-td\" data-label=\"Preis\">0,25 \u20ac<\/td>\n<\/tr>\n<tr class=\"zebra-tr\">\n<td class=\"zebra-td\" data-label=\"Artikel\">Fruchtriegel<\/td>\n<td class=\"zebra-td\" data-label=\"Preis\">0,30 \u20ac<\/td>\n<\/tr>\n<tr class=\"zebra-tr\">\n<td class=\"zebra-td\" data-label=\"Artikel\">Trinkp\u00e4ckchen Saft (0,2l)<\/td>\n<td class=\"zebra-td\" data-label=\"Preis\">0,30 \u20ac<\/td>\n<\/tr>\n<tr class=\"zebra-tr\">\n<td class=\"zebra-td\" data-label=\"Artikel\">Trinkp\u00e4ckchen Milchgetr\u00e4nk (0,5l)<\/td>\n<td class=\"zebra-td\" data-label=\"Preis\">0,60 \u20ac<\/td>\n<\/tr>\n<tr class=\"zebra-tr\">\n<td class=\"zebra-td\" data-label=\"Artikel\">Mineralwasser (0,5l)<\/td>\n<td class=\"zebra-td\" data-label=\"Preis\">0,50 \u20ac (davon 0,25\u20ac Pfand)<\/td>\n<\/tr>\n<tr class=\"zebra-tr\">\n<td class=\"zebra-td\" data-label=\"Artikel\">Pott Kaffee<\/td>\n<td class=\"zebra-td\">0,50 \u20ac<\/td>\n<\/tr>\n<tr class=\"zebra-tr\">\n<td class=\"zebra-td\" data-label=\"Artikel\">Latte Macchiato<\/td>\n<td class=\"zebra-td\" data-label=\"Preis\">1,- \u20ac<\/td>\n<\/tr>\n<tr class=\"zebra-tr\">\n<td class=\"zebra-td\" data-label=\"Artikel\">Cappuccino<\/td>\n<td class=\"zebra-td\" data-label=\"Preis\">1,- \u20ac<\/td>\n<\/tr>\n<tr class=\"zebra-tr\">\n<td class=\"zebra-td\" data-label=\"Artikel\">Espresso-. Gedeck<\/td>\n<td class=\"zebra-td\" data-label=\"Preis\">1,- \u20ac<\/td>\n<\/tr>\n<tr class=\"zebra-tr\">\n<td class=\"zebra-td\" data-label=\"Artikel\">Hei\u00dfe Schokolade<\/td>\n<td class=\"zebra-td\" data-label=\"Preis\">1,- \u20ac<\/td>\n<\/tr>\n<tr class=\"zebra-tr\">\n<td class=\"zebra-td\" data-label=\"Artikel\">Pott Tee<\/td>\n<td class=\"zebra-td\" data-label=\"Preis\">0,25 \u20ac<\/td>\n<\/tr>\n<\/tbody>\n<\/table>\n<p>Anke St\u00f6ckl<\/p>\n","protected":false},"excerpt":{"rendered":"<p>Allgemeines Das von Sch\u00fclern betriebene Bistro \u201eHappy Snack\u201c existiert seit August 2006 und widmet sich der Pausenversorgung aller am Schulleben Beteiligter. Die Sch\u00fcler der Klassen 9 und 10 arbeiten an jeweils 2 Tagen der Woche im Bistro und trainieren F\u00e4higkeiten und Fertigkeiten, die sie f\u00fcr das Berufsleben ben\u00f6tigen. Gefordert sind P\u00fcnktlichkeit Zuverl\u00e4ssigkeit Verantwortungsgef\u00fchl Freundlichkeit zum [&hellip;]<\/p>\n","protected":false},"author":3,"featured_media":0,"parent":223,"menu_order":3,"comment_status":"closed","ping_status":"closed","template":"","meta":{"ngg_post_thumbnail":0,"footnotes":"","_links_to":"","_links_to_target":""},"class_list":["post-256","page","type-page","status-publish","hentry"],"_links":{"self":[{"href":"https:\/\/pestalozzi-schule-berlin.de\/index.php?rest_route=\/wp\/v2\/pages\/256","targetHints":{"allow":["GET"]}}],"collection":[{"href":"https:\/\/pestalozzi-schule-berlin.de\/index.php?rest_route=\/wp\/v2\/pages"}],"about":[{"href":"https:\/\/pestalozzi-schule-berlin.de\/index.php?rest_route=\/wp\/v2\/types\/page"}],"author":[{"embeddable":true,"href":"https:\/\/pestalozzi-schule-berlin.de\/index.php?rest_route=\/wp\/v2\/users\/3"}],"replies":[{"embeddable":true,"href":"https:\/\/pestalozzi-schule-berlin.de\/index.php?rest_route=%2Fwp%2Fv2%2Fcomments&post=256"}],"version-history":[{"count":14,"href":"https:\/\/pestalozzi-schule-berlin.de\/index.php?rest_route=\/wp\/v2\/pages\/256\/revisions"}],"predecessor-version":[{"id":2767,"href":"https:\/\/pestalozzi-schule-berlin.de\/index.php?rest_route=\/wp\/v2\/pages\/256\/revisions\/2767"}],"up":[{"embeddable":true,"href":"https:\/\/pestalozzi-schule-berlin.de\/index.php?rest_route=\/wp\/v2\/pages\/223"}],"wp:attachment":[{"href":"https:\/\/pestalozzi-schule-berlin.de\/index.php?rest_route=%2Fwp%2Fv2%2Fmedia&parent=256"}],"curies":[{"name":"wp","href":"https:\/\/api.w.org\/{rel}","templated":true}]}}