{"id":30,"date":"2013-03-15T05:32:06","date_gmt":"2013-03-15T04:32:06","guid":{"rendered":"http:\/\/06s01.schulemachtspass.de\/?page_id=30"},"modified":"2025-09-13T05:35:59","modified_gmt":"2025-09-13T04:35:59","slug":"forderbedarf-geistige-entwicklung","status":"publish","type":"page","link":"https:\/\/pestalozzi-schule-berlin.de\/?page_id=30","title":{"rendered":"F\u00f6rderschwerpunkt &#8222;Geistige Entwicklung&#8220;"},"content":{"rendered":"<p>Sch\u00fcler*innen mit dem F\u00f6rderschwerpunkt \u201eGeistige Entwicklung\u201c werden in der Pestalozzi-Schule integrativ innerhalb des Grundschulbereiches beschult.<\/p>\n<p>Dar\u00fcber hinaus verf\u00fcgt die Schule \u00fcber zwei Klassen, in denen Kinder und Jugendliche mit dem F\u00f6rderschwerpunkt \u201eGeistige Entwicklung\u201c miteinander und nach einem auf sie abgestimmten F\u00f6rderkonzept lernen k\u00f6nnen.<\/p>\n<p>Aufgeteilt in eine Unter- und Mittelstufenklasse (6 bis 12 Jahre) sowie eine Oberstufenklasse (13 bis 18 Jahre) werden die Sch\u00fcler*innen in ihren individuellen Lernprozessen von zwei Sonderp\u00e4dagogInnen und zwei P\u00e4dagogischen Unterrichtshilfen unterst\u00fctzt.<\/p>\n<p>In den altersgemischten und jahrgangs\u00fcbergreifenden Lerngruppen befinden sich im Durchschnitt 8 Sch\u00fcler*innen.<\/p>\n<p>Neben den musisch-k\u00fcnstlerischen Aktivit\u00e4ten und dem Erlernen der Kulturtechniken Lesen, Schreiben und Rechnen, z\u00e4hlen auch die lebenspraktischen T\u00e4tigkeiten, die Sprach- und Kommunikationsf\u00f6rderung und das \u00dcben motorischer Fertigkeiten zu den zentralen Unterrichtsinhalten.<\/p>\n<p>Der Morgenkreis sowie das gemeinsame Fr\u00fchst\u00fcck und Mittagessen geh\u00f6rt f\u00fcr die Sch\u00fcler*innen ebenso selbstverst\u00e4ndlich zum Schulleben wie die Teilnahme an Klassenfahrten und Ausfl\u00fcgen sowie das Feiern von Jahresfesten und Geburtstagen.<\/p>\n<p>Zudem haben die Kinder aus dem Unter- und Mittelstufenbereich die M\u00f6glichkeit an verschiedenen Rhythmisierungsangeboten gemeinsam mit den Grundsch\u00fclern<br \/>\nteilzunehmen.<\/p>\n<p>Die Sch\u00fcler*innen aus dem Oberstufenbereich erhalten zudem die M\u00f6glichkeit ab dem 16. Lebensjahr an berufsvorbereitenden Praktika teilzunehmen.<\/p>\n<p>Die erg\u00e4nzende Betreuung in den Nachmittagsstunden ab 15.00 Uhr kann ebenso in Anspruch genommen werden.<\/p>\n<p>In den Klassen mit dem F\u00f6rderschwerpunkt \u201eGeistige Entwicklung\u201c wird in gro\u00dfen Teilen projektorientiert gearbeitet. Die Lernangebote und der Unterricht beinhalten daher stets eine lebensweltliche und lebenspraktische Orientierung. Den individuellen Lernvoraussetzungen der Sch\u00fcler*innen wird im Unterricht mit differenzierten Lernangeboten und einer strukturierten Lernumgebung begegnet.<\/p>\n","protected":false},"excerpt":{"rendered":"<p>Sch\u00fcler*innen mit dem F\u00f6rderschwerpunkt \u201eGeistige Entwicklung\u201c werden in der Pestalozzi-Schule integrativ innerhalb des Grundschulbereiches beschult. Dar\u00fcber hinaus verf\u00fcgt die Schule \u00fcber zwei Klassen, in denen Kinder und Jugendliche mit dem F\u00f6rderschwerpunkt \u201eGeistige Entwicklung\u201c miteinander und nach einem auf sie abgestimmten F\u00f6rderkonzept lernen k\u00f6nnen. Aufgeteilt in eine Unter- und Mittelstufenklasse (6 bis 12 Jahre) sowie eine [&hellip;]<\/p>\n","protected":false},"author":6,"featured_media":0,"parent":19,"menu_order":5,"comment_status":"closed","ping_status":"closed","template":"","meta":{"ngg_post_thumbnail":0,"footnotes":"","_links_to":"","_links_to_target":""},"class_list":["post-30","page","type-page","status-publish","hentry"],"_links":{"self":[{"href":"https:\/\/pestalozzi-schule-berlin.de\/index.php?rest_route=\/wp\/v2\/pages\/30","targetHints":{"allow":["GET"]}}],"collection":[{"href":"https:\/\/pestalozzi-schule-berlin.de\/index.php?rest_route=\/wp\/v2\/pages"}],"about":[{"href":"https:\/\/pestalozzi-schule-berlin.de\/index.php?rest_route=\/wp\/v2\/types\/page"}],"author":[{"embeddable":true,"href":"https:\/\/pestalozzi-schule-berlin.de\/index.php?rest_route=\/wp\/v2\/users\/6"}],"replies":[{"embeddable":true,"href":"https:\/\/pestalozzi-schule-berlin.de\/index.php?rest_route=%2Fwp%2Fv2%2Fcomments&post=30"}],"version-history":[{"count":20,"href":"https:\/\/pestalozzi-schule-berlin.de\/index.php?rest_route=\/wp\/v2\/pages\/30\/revisions"}],"predecessor-version":[{"id":4299,"href":"https:\/\/pestalozzi-schule-berlin.de\/index.php?rest_route=\/wp\/v2\/pages\/30\/revisions\/4299"}],"up":[{"embeddable":true,"href":"https:\/\/pestalozzi-schule-berlin.de\/index.php?rest_route=\/wp\/v2\/pages\/19"}],"wp:attachment":[{"href":"https:\/\/pestalozzi-schule-berlin.de\/index.php?rest_route=%2Fwp%2Fv2%2Fmedia&parent=30"}],"curies":[{"name":"wp","href":"https:\/\/api.w.org\/{rel}","templated":true}]}}