{"id":3246,"date":"2018-05-24T07:52:20","date_gmt":"2018-05-24T06:52:20","guid":{"rendered":"http:\/\/pestalozzi-schule-berlin.de\/?page_id=3246"},"modified":"2018-05-24T07:53:21","modified_gmt":"2018-05-24T06:53:21","slug":"datenschutz","status":"publish","type":"page","link":"https:\/\/pestalozzi-schule-berlin.de\/?page_id=3246","title":{"rendered":"Datenschutz"},"content":{"rendered":"<h2>Datenschutzerkl\u00e4rung<\/h2>\n<p>Datenschutzerkl\u00e4rung (Privacy Policy) f\u00fcr das Internet-Angebot der Pestalozzi-Schule, Berlin.<\/p>\n<p>Bei jedem Zugriff eines Nutzers auf eine Seite aus dem Angebot der Pestalozzi-Schule, Berlin, und bei jedem Abruf einer Datei werden Daten \u00fcber diesen Vorgang in einer Protokolldatei gespeichert. Diese Daten sind nicht personenbezogen; wir k\u00f6nnen also nicht nachvollziehen, welcher Nutzer welche Daten abgerufen hat.<\/p>\n<p>Im Einzelnen besteht jeder Datensatz aus:<\/p>\n<p>der Seite, von der aus die Datei angefordert wurde<br \/>\ndem Namen der abgerufenen Datei<br \/>\ndem Datum und Uhrzeit der Anforderung<br \/>\nder \u00fcbertragene Datenmenge<br \/>\ndem Zugriffsstatus (Datei \u00fcbertragen, Datei nicht gefunden etc.)<br \/>\neiner Beschreibung des Typs des verwendeten Webbrowsers<\/p>\n<p>Auf die sonst \u00fcbliche Speicherung der Rechneradresse (IP-Adresse) des Anfragenden \u00fcber das Ende des Nutzungsvorgangs hinaus wurde bewusst verzichtet. Die Erstellung von personenbezogenen Nutzerprofilen ist damit ausgeschlossen. Die gespeicherten Daten werden ausschlie\u00dflich zu statistischen Zwecken in der Pestalozzi-Schule, Berlin, ausgewertet, eine Weitergabe an Dritte, auch in Ausz\u00fcgen, findet nicht statt.<\/p>\n<p>Diese Webseite verwendet grunds\u00e4tzlich keine permanenten Cookies. Ebenso wenig werden andere Techniken verwendet, die dazu dienen, das Zugriffsverhalten der Nutzer nachvollziehen zu k\u00f6nnen.<\/p>\n","protected":false},"excerpt":{"rendered":"<p>Datenschutzerkl\u00e4rung Datenschutzerkl\u00e4rung (Privacy Policy) f\u00fcr das Internet-Angebot der Pestalozzi-Schule, Berlin. Bei jedem Zugriff eines Nutzers auf eine Seite aus dem Angebot der Pestalozzi-Schule, Berlin, und bei jedem Abruf einer Datei werden Daten \u00fcber diesen Vorgang in einer Protokolldatei gespeichert. Diese Daten sind nicht personenbezogen; wir k\u00f6nnen also nicht nachvollziehen, welcher Nutzer welche Daten abgerufen hat. [&hellip;]<\/p>\n","protected":false},"author":6,"featured_media":0,"parent":2272,"menu_order":4,"comment_status":"closed","ping_status":"closed","template":"","meta":{"ngg_post_thumbnail":0,"footnotes":"","_links_to":"","_links_to_target":""},"class_list":["post-3246","page","type-page","status-publish","hentry"],"_links":{"self":[{"href":"https:\/\/pestalozzi-schule-berlin.de\/index.php?rest_route=\/wp\/v2\/pages\/3246","targetHints":{"allow":["GET"]}}],"collection":[{"href":"https:\/\/pestalozzi-schule-berlin.de\/index.php?rest_route=\/wp\/v2\/pages"}],"about":[{"href":"https:\/\/pestalozzi-schule-berlin.de\/index.php?rest_route=\/wp\/v2\/types\/page"}],"author":[{"embeddable":true,"href":"https:\/\/pestalozzi-schule-berlin.de\/index.php?rest_route=\/wp\/v2\/users\/6"}],"replies":[{"embeddable":true,"href":"https:\/\/pestalozzi-schule-berlin.de\/index.php?rest_route=%2Fwp%2Fv2%2Fcomments&post=3246"}],"version-history":[{"count":1,"href":"https:\/\/pestalozzi-schule-berlin.de\/index.php?rest_route=\/wp\/v2\/pages\/3246\/revisions"}],"predecessor-version":[{"id":3247,"href":"https:\/\/pestalozzi-schule-berlin.de\/index.php?rest_route=\/wp\/v2\/pages\/3246\/revisions\/3247"}],"up":[{"embeddable":true,"href":"https:\/\/pestalozzi-schule-berlin.de\/index.php?rest_route=\/wp\/v2\/pages\/2272"}],"wp:attachment":[{"href":"https:\/\/pestalozzi-schule-berlin.de\/index.php?rest_route=%2Fwp%2Fv2%2Fmedia&parent=3246"}],"curies":[{"name":"wp","href":"https:\/\/api.w.org\/{rel}","templated":true}]}}