{"id":365,"date":"2013-06-10T21:20:21","date_gmt":"2013-06-10T20:20:21","guid":{"rendered":"http:\/\/pestalozzi-schule-berlin.de\/?page_id=365"},"modified":"2017-04-14T15:20:29","modified_gmt":"2017-04-14T14:20:29","slug":"schulpsychologie-an-der-pestalozzi-schule","status":"publish","type":"page","link":"https:\/\/pestalozzi-schule-berlin.de\/?page_id=365","title":{"rendered":"Schulpsychologie an der Pestalozzi-Schule"},"content":{"rendered":"<p><b>Gabriele Uri\u00f3stegui Figueroa<\/b><br \/>\nDipl. Psychologin\/Schulpsychologin<\/p>\n<p>Frau\u00a0Uri\u00f3stegui Figueroa ist Schulpsychologin im Schulpsychologischen Beratungszentrum Steglitz-Zehlendorf und steht jeden Mittwochvormittag der Pestalozzi Schule zur Verf\u00fcgung. Sie ber\u00e4t und unterst\u00fctzt Sch\u00fcler, Eltern und Lehrer z.B. bei Lern- und Verhaltensproblemen oder Fragen zur Schullaufbahn. Ein besonderes Angebot ist die <strong>offene Sprechstunde<\/strong> f\u00fcr Sch\u00fcler der Oberstufe.<\/p>\n<h2>Sprechzeiten<\/h2>\n<p>Mittwochs:<\/p>\n<table style=\"width: 378px; height: 74px;\">\n<tbody>\n<tr>\n<td>08:00-11:00&nbsp;Uhr&nbsp;<\/td>\n<td>(nach Absprache)<\/td>\n<\/tr>\n<tr>\n<td>11:00-11:45&nbsp;Uhr&nbsp;<\/td>\n<td>(offene Sprechstunde f\u00fcr Sch\u00fcler der Oberstufe)<\/td>\n<\/tr>\n<\/tbody>\n<\/table>\n","protected":false},"excerpt":{"rendered":"<p>Gabriele Uri\u00f3stegui Figueroa Dipl. Psychologin\/Schulpsychologin Frau\u00a0Uri\u00f3stegui Figueroa ist Schulpsychologin im Schulpsychologischen Beratungszentrum Steglitz-Zehlendorf und steht jeden Mittwochvormittag der Pestalozzi Schule zur Verf\u00fcgung. Sie ber\u00e4t und unterst\u00fctzt Sch\u00fcler, Eltern und Lehrer z.B. bei Lern- und Verhaltensproblemen oder Fragen zur Schullaufbahn. Ein besonderes Angebot ist die offene Sprechstunde f\u00fcr Sch\u00fcler der Oberstufe. Sprechzeiten Mittwochs: 08:00-11:00&nbsp;Uhr&nbsp; (nach Absprache) [&hellip;]<\/p>\n","protected":false},"author":3,"featured_media":0,"parent":162,"menu_order":3,"comment_status":"closed","ping_status":"closed","template":"","meta":{"ngg_post_thumbnail":0,"footnotes":"","_links_to":"","_links_to_target":""},"class_list":["post-365","page","type-page","status-publish","hentry"],"_links":{"self":[{"href":"https:\/\/pestalozzi-schule-berlin.de\/index.php?rest_route=\/wp\/v2\/pages\/365","targetHints":{"allow":["GET"]}}],"collection":[{"href":"https:\/\/pestalozzi-schule-berlin.de\/index.php?rest_route=\/wp\/v2\/pages"}],"about":[{"href":"https:\/\/pestalozzi-schule-berlin.de\/index.php?rest_route=\/wp\/v2\/types\/page"}],"author":[{"embeddable":true,"href":"https:\/\/pestalozzi-schule-berlin.de\/index.php?rest_route=\/wp\/v2\/users\/3"}],"replies":[{"embeddable":true,"href":"https:\/\/pestalozzi-schule-berlin.de\/index.php?rest_route=%2Fwp%2Fv2%2Fcomments&post=365"}],"version-history":[{"count":5,"href":"https:\/\/pestalozzi-schule-berlin.de\/index.php?rest_route=\/wp\/v2\/pages\/365\/revisions"}],"predecessor-version":[{"id":2710,"href":"https:\/\/pestalozzi-schule-berlin.de\/index.php?rest_route=\/wp\/v2\/pages\/365\/revisions\/2710"}],"up":[{"embeddable":true,"href":"https:\/\/pestalozzi-schule-berlin.de\/index.php?rest_route=\/wp\/v2\/pages\/162"}],"wp:attachment":[{"href":"https:\/\/pestalozzi-schule-berlin.de\/index.php?rest_route=%2Fwp%2Fv2%2Fmedia&parent=365"}],"curies":[{"name":"wp","href":"https:\/\/api.w.org\/{rel}","templated":true}]}}